{"id":1809,"date":"2017-03-21T07:30:17","date_gmt":"2017-03-21T07:30:17","guid":{"rendered":"http:\/\/r-mann.ch\/?page_id=1809"},"modified":"2017-09-07T12:48:13","modified_gmt":"2017-09-07T12:48:13","slug":"produkte-2","status":"publish","type":"page","link":"https:\/\/armoire.ch\/?page_id=1809","title":{"rendered":"Produits"},"content":{"rendered":"<p>Produits\t\t\t\t\t\t\t\t<\/p>\n<p><a href=\"https:\/\/armoire.ch\/?page_id=644\"><br \/>\n\t\t\t\t\t\t\t<img loading=\"lazy\" width=\"300\" height=\"192\" src=\"https:\/\/armoire.ch\/wp-content\/uploads\/2017\/08\/Schrank1-300x192-1.png\" \/>\t\t\t\t\t\t<\/a><\/p>\n<p><a href=\"https:\/\/armoire.ch\/?page_id=644\"><br \/>\n\t\t\t\t\t\t\t\t\t\t\t\t\t\t\t\t\t\t\t\t\t\t\t\t\t\t\t\t\tArmoires\t\t\t\t\t\t\t\t\t\t\t\t\t\t\t\t\t\t\t\t\t\t\t\t\t\t\t\t\t<\/a><\/p>\n<p><a href=\"https:\/\/armoire.ch\/?page_id=947\"><br \/>\n\t\t\t\t\t\t\t<img loading=\"lazy\" width=\"300\" height=\"225\" src=\"https:\/\/armoire.ch\/wp-content\/uploads\/2017\/08\/Zoom-1-300x225.png\" \/>\t\t\t\t\t\t<\/a><\/p>\n<p><a href=\"https:\/\/armoire.ch\/?page_id=947\"><br \/>\n\t\t\t\t\t\t\t\t\t\t\t\t\t\t\t\t\t\t\t\t\t\t\t\t\t\t\t\t\t\u00c9l\u00e9ments suppl\u00e9mentaires\t\t\t\t\t\t\t\t\t\t\t\t\t\t\t\t\t\t\t\t\t\t\t\t\t\t\t\t\t<\/a><\/p>\n<p><a href=\"https:\/\/armoire.ch\/?page_id=1165\"><br \/>\n\t\t\t\t\t\t\t<img loading=\"lazy\" width=\"300\" height=\"194\" src=\"https:\/\/armoire.ch\/wp-content\/uploads\/2017\/08\/4Z4A0034-1-300x194.png\" \/>\t\t\t\t\t\t<\/a><\/p>\n<p><a href=\"https:\/\/armoire.ch\/?page_id=1165\"><br \/>\n\t\t\t\t\t\t\t\t\t\t\t\t\t\t\t\t\t\t\t\t\t\t\t\t\t\t\t\t\tMeubles d&#8217;appoint \t\t\t\t\t\t\t\t\t\t\t\t\t\t\t\t\t\t\t\t\t\t\t\t\t\t\t\t\t<\/a><\/p>\n<p><a href=\"https:\/\/armoire.ch\/?page_id=1165\"><br \/>\n\t\t\t\t\t\t\t<img loading=\"lazy\" width=\"300\" height=\"197\" src=\"https:\/\/armoire.ch\/wp-content\/uploads\/2017\/08\/Ansicht-1-2-300x197-1.png\" \/>\t\t\t\t\t\t<\/a><\/p>\n<p><a href=\"https:\/\/armoire.ch\/?page_id=1165\"><br \/>\n\t\t\t\t\t\t\t\t\t\t\t\t\t\t\t\t\t\t\t\t\t\t\t\t\t\t\t\t\tLits\t\t\t\t\t\t\t\t\t\t\t\t\t\t\t\t\t\t\t\t\t\t\t\t\t\t\t\t\t<\/a><\/p>\n<p><a href=\"https:\/\/armoire.ch\/?page_id=2502\"><br \/>\n\t\t\t\t\t\t\t<img loading=\"lazy\" width=\"300\" height=\"200\" src=\"https:\/\/armoire.ch\/wp-content\/uploads\/2017\/08\/TLO-Funktion_still_tmp-300x200.jpeg\" \/>\t\t\t\t\t\t<\/a><\/p>\n<p><a href=\"https:\/\/armoire.ch\/?page_id=2502\"><br \/>\n\t\t\t\t\t\t\t\t\t\t\t\t\t\t\t\t\t\t\t\t\t\t\t\t\t\t\t\t\tInt\u00e9rieur \/ Accessoires\t\t\t\t\t\t\t\t\t\t\t\t\t\t\t\t\t\t\t\t\t\t\t\t\t\t\t\t\t<\/a><\/p>\n<p><a href=\"https:\/\/armoire.ch\/?page_id=1034\"><br \/>\n\t\t\t\t\t\t\t<img loading=\"lazy\" width=\"265\" height=\"208\" src=\"https:\/\/armoire.ch\/wp-content\/uploads\/2017\/08\/DSC-2.png\" \/>\t\t\t\t\t\t<\/a><\/p>\n<p><a href=\"https:\/\/armoire.ch\/?page_id=1034\"><br \/>\n\t\t\t\t\t\t\t\t\t\t\t\t\t\t\t\t\t\t\t\t\t\t\t\t\t\t\t\t\tEffets sp\u00e9ciaux\t\t\t\t\t\t\t\t\t\t\t\t\t\t\t\t\t\t\t\t\t\t\t\t\t\t\t\t\t<\/a><\/p>\n<p><a href=\"https:\/\/armoire.ch\/?page_id=1230\"><br \/>\n\t\t\t\t\t\t\t<img loading=\"lazy\" width=\"265\" height=\"300\" src=\"https:\/\/armoire.ch\/wp-content\/uploads\/2017\/08\/Hauptbild-265x300-1.jpg\" \/>\t\t\t\t\t\t<\/a><\/p>\n<p><a href=\"https:\/\/armoire.ch\/?page_id=1230\"><br \/>\n\t\t\t\t\t\t\t\t\t\t\t\t\t\t\t\t\t\t\t\t\t\t\t\t\t\t\t\t\tPoign\u00e9es\t\t\t\t\t\t\t\t\t\t\t\t\t\t\t\t\t\t\t\t\t\t\t\t\t\t\t\t\t<\/a><\/p>\n<p><!-- \/row --><\/p>\n","protected":false},"excerpt":{"rendered":"<p class=\"excerpt\">Produits Armoires \u00c9l\u00e9ments suppl\u00e9mentaires Meubles d&#8217;appoint Lits Int\u00e9rieur \/ Accessoires Effets sp\u00e9ciaux Poign\u00e9es<\/p>\n","protected":false},"author":1,"featured_media":0,"parent":0,"menu_order":0,"comment_status":"closed","ping_status":"closed","template":"builder.php","meta":[],"_links":{"self":[{"href":"https:\/\/armoire.ch\/index.php?rest_route=\/wp\/v2\/pages\/1809"}],"collection":[{"href":"https:\/\/armoire.ch\/index.php?rest_route=\/wp\/v2\/pages"}],"about":[{"href":"https:\/\/armoire.ch\/index.php?rest_route=\/wp\/v2\/types\/page"}],"author":[{"embeddable":true,"href":"https:\/\/armoire.ch\/index.php?rest_route=\/wp\/v2\/users\/1"}],"replies":[{"embeddable":true,"href":"https:\/\/armoire.ch\/index.php?rest_route=%2Fwp%2Fv2%2Fcomments&post=1809"}],"version-history":[{"count":14,"href":"https:\/\/armoire.ch\/index.php?rest_route=\/wp\/v2\/pages\/1809\/revisions"}],"predecessor-version":[{"id":5544,"href":"https:\/\/armoire.ch\/index.php?rest_route=\/wp\/v2\/pages\/1809\/revisions\/5544"}],"wp:attachment":[{"href":"https:\/\/armoire.ch\/index.php?rest_route=%2Fwp%2Fv2%2Fmedia&parent=1809"}],"curies":[{"name":"wp","href":"https:\/\/api.w.org\/{rel}","templated":true}]}}