{"id":2033,"date":"2017-03-21T12:35:25","date_gmt":"2017-03-21T12:35:25","guid":{"rendered":"http:\/\/r-mann.ch\/?page_id=2033"},"modified":"2017-09-07T12:48:13","modified_gmt":"2017-09-07T12:48:13","slug":"ueber-uns","status":"publish","type":"page","link":"https:\/\/armoire.ch\/?page_id=2033","title":{"rendered":"Sur nous"},"content":{"rendered":"<p>Nous sommes \u00e0<br \/>\n\t\t\t\t\t\t\t\t\t\t\t\t\t\t\t\t\t\t\t\t\t\t\t\t\t\t\t\t\t\t\t\t\t\t\t\t\t\t\t\t\t\t\t\t\t\t\t\t\t\t\t\t\t<a href=\"https:\/\/www.google.ch\/maps\/place\/Ettiswilerstrasse+24,+6130+Willisau\/@47.125109,7.9942397,17z\/data=!3m1!4b1!4m5!3m4!1s0x478fded1242e9a57:0xb458b7862b17036c!8m2!3d47.125109!4d7.9964284\"><br \/>\n\t\t\t\t\t\t\t\t\t\t\t\t\t\t\tSee More\t\t\t\t\t\t\t\t\t\t\t\t\t\t<\/a><\/p>\n<p><!-- .container --><br \/>\n\t\t\t\t\t\t\t\t <!-- .overlay --><\/p>\n<p>Slider Title<br \/>\n\t\t\t\t\t\t\t\t\t\t\t\t\t\t\t\t\t\t\t\t\t\t\t\t\t\t\t\t\t\t\t\t\t\t\t\t\t\t\t\tKurze Zusammenfassung<br \/>\n\t\t\t\t\t\t\t\t\t\t\t\t\t\t\t\t\t\t\t\t\t\t\t\t\t\t\t\t\t\t\t\t\t\t\t\t\t\t\t\t<a href=\"#more\"><br \/>\n\t\t\t\t\t\t\t\t\t\t\t\t\t\t\tSee More\t\t\t\t\t\t\t\t\t\t\t\t\t\t<\/a><\/p>\n<p><!-- .container --><br \/>\n\t\t\t\t\t\t\t\t <!-- .overlay --><\/p>\n<p>Contact\t\t\t\t\t\t\t\t<\/p>\n<p>R\u00fcttimann AG, M\u00f6belfabrik\u00a0Ettiswilerstrasse 246130 Willisau<a href=\"https:\/\/www.google.ch\/maps\/place\/R%C3%BCttimann+AG\/@47.1251126,7.9942393,17z\/data=!3m1!4b1!4m5!3m4!1s0x479ab5e374078393:0xa7be3bc0f52663f3!8m2!3d47.125109!4d7.996428?hl=de&#038;authuser=0\">Karte<\/a><\/p>\n<p><a href=\"http:\/\/r-mann.ch\/wp-admin\/customize.php?url=http%3A%2F%2Fr-mann.ch%2F%3Fpage_id%3D2033&#038;changeset_uuid=a92c23a4-1d21-43f9-af86-339c2579ecdc\">Telefon \u00a0 \u00a0 \u00a0 \u00a0 \u00a0 \u00a0 \u00a0055 450 20 70<\/a><a href=\"http:\/\/r-mann.ch\/wp-admin\/customize.php?url=http%3A%2F%2Fr-mann.ch%2F%3Fpage_id%3D2033&#038;changeset_uuid=a92c23a4-1d21-43f9-af86-339c2579ecdc\">Fax \u00a0 \u00a0 \u00a0 \u00a0 \u00a0 \u00a0 \u00a0 \u00a0 \u00a0 \u00a0055 450 20 79<\/a><a href=\"mailto:verkauf@r-mann.ch\">verkauf@r-mann.ch<\/a><\/p>\n<p><!-- \/row --><\/p>\n<p>Sur nous\t\t\t\t\t\t\t\t<\/p>\n<p><img loading=\"lazy\" width=\"300\" height=\"127\" src=\"https:\/\/armoire.ch\/wp-content\/uploads\/2017\/08\/Teamklein-300x127-1.jpg\" \/>\t\t\t\t<\/p>\n<p>Ansprechpartner\t\t\t\t\t\t\t\t\t\t\t\t\t\t\t\t\t\t\t\t\t\t\t\t\t\t\t<\/p>\n<p><img loading=\"lazy\" width=\"300\" height=\"157\" src=\"https:\/\/armoire.ch\/wp-content\/uploads\/2017\/08\/Aussenansicht-300x157.png\" \/>\t\t\t\t<\/p>\n<p>\u00fcber 100 Jahre R\u00fcttimann AG<br \/>\n\t\t\t\t\t\t\t\t\t\t\t\t\t\t\t\t\t\t\t\t\t\t\t\t\t\t\t\t\t\t\t\t\t\t\t\t\tDie Geschichte der R\u00fcttimann AG finden Sie hier.\u00a0<\/p>\n<p><img loading=\"lazy\" width=\"300\" height=\"300\" src=\"https:\/\/armoire.ch\/wp-content\/uploads\/2017\/08\/img_1120_be-1.jpg\" \/>\t\t\t\t<\/p>\n<p>Philosophie\t\t\t\t\t\t\t\t\t\t\t\t\t\t\t\t\t\t\t\t\t\t\t\t\t\t\t<\/p>\n<p><!-- \/row --><\/p>\n","protected":false},"excerpt":{"rendered":"<p class=\"excerpt\">Nous sommes \u00e0 See More Slider Title Kurze Zusammenfassung See More Contact R\u00fcttimann AG, M\u00f6belfabrik\u00a0Ettiswilerstrasse 246130 WillisauKarte Telefon \u00a0 \u00a0 \u00a0 \u00a0 \u00a0 \u00a0 \u00a0055 450 20 70Fax \u00a0 \u00a0 \u00a0 \u00a0 \u00a0 \u00a0 \u00a0 \u00a0 \u00a0 \u00a0055 450 20 79verkauf@r-mann.ch Sur nous Ansprechpartner \u00fcber 100 Jahre R\u00fcttimann AG Die Geschichte der R\u00fcttimann AG finden [&hellip;]<\/p>\n","protected":false},"author":1,"featured_media":0,"parent":0,"menu_order":4,"comment_status":"closed","ping_status":"closed","template":"builder.php","meta":[],"_links":{"self":[{"href":"https:\/\/armoire.ch\/index.php?rest_route=\/wp\/v2\/pages\/2033"}],"collection":[{"href":"https:\/\/armoire.ch\/index.php?rest_route=\/wp\/v2\/pages"}],"about":[{"href":"https:\/\/armoire.ch\/index.php?rest_route=\/wp\/v2\/types\/page"}],"author":[{"embeddable":true,"href":"https:\/\/armoire.ch\/index.php?rest_route=\/wp\/v2\/users\/1"}],"replies":[{"embeddable":true,"href":"https:\/\/armoire.ch\/index.php?rest_route=%2Fwp%2Fv2%2Fcomments&post=2033"}],"version-history":[{"count":33,"href":"https:\/\/armoire.ch\/index.php?rest_route=\/wp\/v2\/pages\/2033\/revisions"}],"predecessor-version":[{"id":5731,"href":"https:\/\/armoire.ch\/index.php?rest_route=\/wp\/v2\/pages\/2033\/revisions\/5731"}],"wp:attachment":[{"href":"https:\/\/armoire.ch\/index.php?rest_route=%2Fwp%2Fv2%2Fmedia&parent=2033"}],"curies":[{"name":"wp","href":"https:\/\/api.w.org\/{rel}","templated":true}]}}