{"id":2502,"date":"2017-03-30T07:40:26","date_gmt":"2017-03-30T07:40:26","guid":{"rendered":"http:\/\/r-mann.ch\/?page_id=2502"},"modified":"2017-09-07T12:48:13","modified_gmt":"2017-09-07T12:48:13","slug":"innenleben-accesoires","status":"publish","type":"page","link":"https:\/\/armoire.ch\/?page_id=2502","title":{"rendered":"Int\u00e9rieur \/ Accessoires"},"content":{"rendered":"<p>Int\u00e9rieur \/ Accessoires\t\t\t\t\t\t\t\t<\/p>\n<p><a href=\"https:\/\/armoire.ch\/?p=3495\"><br \/>\n\t\t\t\t\t\t\t<img loading=\"lazy\" width=\"300\" height=\"230\" src=\"https:\/\/armoire.ch\/wp-content\/uploads\/2017\/09\/TA-Bearb-300x289-1-1.jpg\" \/>\t\t\t\t\t\t<\/a><\/p>\n<p><a href=\"https:\/\/armoire.ch\/?p=3495\"><br \/>\n\t\t\t\t\t\t\t\t\t\t\t\t\t\t\t\t\t\t\t\t\t\t\t\t\t\t\t\t\t\u00c9tag\u00e8res r\u00e9glable\t\t\t\t\t\t\t\t\t\t\t\t\t\t\t\t\t\t\t\t\t\t\t\t\t\t\t\t\t<\/a><\/p>\n<p><a href=\"https:\/\/armoire.ch\/?p=3502\"><br \/>\n\t\t\t\t\t\t\t<img loading=\"lazy\" width=\"480\" height=\"340\" src=\"https:\/\/armoire.ch\/wp-content\/uploads\/2017\/09\/DSC_0554-480x340.jpg\" \/>\t\t\t\t\t\t<\/a><\/p>\n<p><a href=\"https:\/\/armoire.ch\/?p=3502\"><br \/>\n\t\t\t\t\t\t\t\t\t\t\t\t\t\t\t\t\t\t\t\t\t\t\t\t\t\t\t\t\t\u00c9tag\u00e8res viss\u00e9\t\t\t\t\t\t\t\t\t\t\t\t\t\t\t\t\t\t\t\t\t\t\t\t\t\t\t\t\t<\/a><\/p>\n<p><a href=\"https:\/\/armoire.ch\/?p=3508\"><br \/>\n\t\t\t\t\t\t\t<img loading=\"lazy\" width=\"480\" height=\"340\" src=\"https:\/\/armoire.ch\/wp-content\/uploads\/2017\/09\/DSC_0553-480x340.jpg\" \/>\t\t\t\t\t\t<\/a><\/p>\n<p><a href=\"https:\/\/armoire.ch\/?p=3508\"><br \/>\n\t\t\t\t\t\t\t\t\t\t\t\t\t\t\t\t\t\t\t\t\t\t\t\t\t\t\t\t\t Tringle\t\t\t\t\t\t\t\t\t\t\t\t\t\t\t\t\t\t\t\t\t\t\t\t\t\t\t\t\t<\/a><\/p>\n<p><a href=\"https:\/\/armoire.ch\/?p=3514\"><br \/>\n\t\t\t\t\t\t\t<img loading=\"lazy\" width=\"465\" height=\"310\" src=\"https:\/\/armoire.ch\/wp-content\/uploads\/2017\/09\/DSC_0583-480x340-1-2.jpg\" \/>\t\t\t\t\t\t<\/a><\/p>\n<p><a href=\"https:\/\/armoire.ch\/?p=3514\"><br \/>\n\t\t\t\t\t\t\t\t\t\t\t\t\t\t\t\t\t\t\t\t\t\t\t\t\t\t\t\t\tTringle viss\u00e9e lat\u00e9ralement\t\t\t\t\t\t\t\t\t\t\t\t\t\t\t\t\t\t\t\t\t\t\t\t\t\t\t\t\t<\/a><\/p>\n<p><a href=\"https:\/\/armoire.ch\/?p=3521\"><br \/>\n\t\t\t\t\t\t\t<img loading=\"lazy\" width=\"437\" height=\"290\" src=\"https:\/\/armoire.ch\/wp-content\/uploads\/2017\/09\/DSC_0652-480x340-2.jpg\" \/>\t\t\t\t\t\t<\/a><\/p>\n<p><a href=\"https:\/\/armoire.ch\/?p=3521\"><br \/>\n\t\t\t\t\t\t\t\t\t\t\t\t\t\t\t\t\t\t\t\t\t\t\t\t\t\t\t\t\tTringle avec \u00e9clairage\t\t\t\t\t\t\t\t\t\t\t\t\t\t\t\t\t\t\t\t\t\t\t\t\t\t\t\t\t<\/a><\/p>\n<p><a href=\"https:\/\/armoire.ch\/?p=3527\"><br \/>\n\t\t\t\t\t\t\t<img loading=\"lazy\" width=\"1024\" height=\"683\" src=\"https:\/\/armoire.ch\/wp-content\/uploads\/2017\/09\/Kleiderlift-Funktion-1.gif\" \/>\t\t\t\t\t\t<\/a><\/p>\n<p><a href=\"https:\/\/armoire.ch\/?p=3527\"><br \/>\n\t\t\t\t\t\t\t\t\t\t\t\t\t\t\t\t\t\t\t\t\t\t\t\t\t\t\t\t\tAscenseur de v\u00eatements\t\t\t\t\t\t\t\t\t\t\t\t\t\t\t\t\t\t\t\t\t\t\t\t\t\t\t\t\t<\/a><\/p>\n<p><a href=\"https:\/\/armoire.ch\/?p=3534\"><br \/>\n\t\t\t\t\t\t\t<img loading=\"lazy\" width=\"1024\" height=\"683\" src=\"https:\/\/armoire.ch\/wp-content\/uploads\/2017\/09\/W\u00e4schekorb-Funktion.gif\" \/>\t\t\t\t\t\t<\/a><\/p>\n<p><a href=\"https:\/\/armoire.ch\/?p=3534\"><br \/>\n\t\t\t\t\t\t\t\t\t\t\t\t\t\t\t\t\t\t\t\t\t\t\t\t\t\t\t\t\tPanier \u00e0 linge, empilable\t\t\t\t\t\t\t\t\t\t\t\t\t\t\t\t\t\t\t\t\t\t\t\t\t\t\t\t\t<\/a><\/p>\n<p><a href=\"https:\/\/armoire.ch\/?p=3540\"><br \/>\n\t\t\t\t\t\t\t<img loading=\"lazy\" width=\"1024\" height=\"683\" src=\"https:\/\/armoire.ch\/wp-content\/uploads\/2017\/09\/W\u00e4schekorb-hoch-Funktion-1.gif\" \/>\t\t\t\t\t\t<\/a><\/p>\n<p><a href=\"https:\/\/armoire.ch\/?p=3540\"><br \/>\n\t\t\t\t\t\t\t\t\t\t\t\t\t\t\t\t\t\t\t\t\t\t\t\t\t\t\t\t\tPanier \u00e0 linge, au-dessus\t\t\t\t\t\t\t\t\t\t\t\t\t\t\t\t\t\t\t\t\t\t\t\t\t\t\t\t\t<\/a><\/p>\n<p><a href=\"https:\/\/armoire.ch\/?p=3547\"><br \/>\n\t\t\t\t\t\t\t<img loading=\"lazy\" width=\"1024\" height=\"683\" src=\"https:\/\/armoire.ch\/wp-content\/uploads\/2017\/09\/Schuhtablar-ausziehbar-Funktion.gif\" \/>\t\t\t\t\t\t<\/a><\/p>\n<p><a href=\"https:\/\/armoire.ch\/?p=3547\"><br \/>\n\t\t\t\t\t\t\t\t\t\t\t\t\t\t\t\t\t\t\t\t\t\t\t\t\t\t\t\t\t\u00c9tag\u00e8res pour chaussures\t\t\t\t\t\t\t\t\t\t\t\t\t\t\t\t\t\t\t\t\t\t\t\t\t\t\t\t\t<\/a><\/p>\n<p><a href=\"https:\/\/armoire.ch\/?p=3554\"><br \/>\n\t\t\t\t\t\t\t<img loading=\"lazy\" width=\"1024\" height=\"683\" src=\"https:\/\/armoire.ch\/wp-content\/uploads\/2017\/09\/TLU-Funktion.gif\" \/>\t\t\t\t\t\t<\/a><\/p>\n<p><a href=\"https:\/\/armoire.ch\/?p=3554\"><br \/>\n\t\t\t\t\t\t\t\t\t\t\t\t\t\t\t\t\t\t\t\t\t\t\t\t\t\t\t\t\tCaisson amovible en dessous\t\t\t\t\t\t\t\t\t\t\t\t\t\t\t\t\t\t\t\t\t\t\t\t\t\t\t\t\t<\/a><\/p>\n<p><a href=\"https:\/\/armoire.ch\/?p=3561\"><br \/>\n\t\t\t\t\t\t\t<img loading=\"lazy\" width=\"1024\" height=\"683\" src=\"https:\/\/armoire.ch\/wp-content\/uploads\/2017\/09\/TLO-Funktion.gif\" \/>\t\t\t\t\t\t<\/a><\/p>\n<p><a href=\"https:\/\/armoire.ch\/?p=3561\"><br \/>\n\t\t\t\t\t\t\t\t\t\t\t\t\t\t\t\t\t\t\t\t\t\t\t\t\t\t\t\t\tCaisson amovible au-dessus\t\t\t\t\t\t\t\t\t\t\t\t\t\t\t\t\t\t\t\t\t\t\t\t\t\t\t\t\t<\/a><\/p>\n<p><a href=\"https:\/\/armoire.ch\/?p=3567\"><br \/>\n\t\t\t\t\t\t\t<img loading=\"lazy\" width=\"1024\" height=\"683\" src=\"https:\/\/armoire.ch\/wp-content\/uploads\/2017\/09\/Auszugstablar-Funktion.gif\" \/>\t\t\t\t\t\t<\/a><\/p>\n<p><a href=\"https:\/\/armoire.ch\/?p=3567\"><br \/>\n\t\t\t\t\t\t\t\t\t\t\t\t\t\t\t\t\t\t\t\t\t\t\t\t\t\t\t\t\t\u00c9tagere tirable\t\t\t\t\t\t\t\t\t\t\t\t\t\t\t\t\t\t\t\t\t\t\t\t\t\t\t\t\t<\/a><\/p>\n<p><a href=\"https:\/\/armoire.ch\/?p=3573\"><br \/>\n\t\t\t\t\t\t\t<img loading=\"lazy\" width=\"1024\" height=\"683\" src=\"https:\/\/armoire.ch\/wp-content\/uploads\/2017\/09\/Kleiderlift-Funktion-1.gif\" \/>\t\t\t\t\t\t<\/a><\/p>\n<p><a href=\"https:\/\/armoire.ch\/?p=3573\"><br \/>\n\t\t\t\t\t\t\t\t\t\t\t\t\t\t\t\t\t\t\t\t\t\t\t\t\t\t\t\t\t\u00c9tag\u00e8res pour chemises\t\t\t\t\t\t\t\t\t\t\t\t\t\t\t\t\t\t\t\t\t\t\t\t\t\t\t\t\t<\/a><\/p>\n<p><a href=\"https:\/\/armoire.ch\/?p=3588\"><br \/>\n\t\t\t\t\t\t\t<img loading=\"lazy\" width=\"300\" height=\"200\" src=\"https:\/\/armoire.ch\/wp-content\/uploads\/2017\/08\/Kravatten-und-G\u00fcrtelhalter-ausklappbar-Funktion-1-300x200-1.gif\" \/>\t\t\t\t\t\t<\/a><\/p>\n<p><a href=\"https:\/\/armoire.ch\/?p=3588\"><br \/>\n\t\t\t\t\t\t\t\t\t\t\t\t\t\t\t\t\t\t\t\t\t\t\t\t\t\t\t\t\tPenderie \u00e0 cravattes\/ceintures pliant\t\t\t\t\t\t\t\t\t\t\t\t\t\t\t\t\t\t\t\t\t\t\t\t\t\t\t\t\t<\/a><\/p>\n<p><a href=\"https:\/\/armoire.ch\/?p=3588\"><br \/>\n\t\t\t\t\t\t\t<img loading=\"lazy\" width=\"300\" height=\"200\" src=\"https:\/\/armoire.ch\/wp-content\/uploads\/2017\/08\/Kravatten-und-G\u00fcrtelhalter-ausziehbar-Funktion-1-300x200.gif\" \/>\t\t\t\t\t\t<\/a><\/p>\n<p><a href=\"https:\/\/armoire.ch\/?p=3588\"><br \/>\n\t\t\t\t\t\t\t\t\t\t\t\t\t\t\t\t\t\t\t\t\t\t\t\t\t\t\t\t\tPenderie \u00e0 cravattes\/ceintures extensible\t\t\t\t\t\t\t\t\t\t\t\t\t\t\t\t\t\t\t\t\t\t\t\t\t\t\t\t\t<\/a><\/p>\n<p><a href=\"https:\/\/armoire.ch\/?p=3594\"><br \/>\n\t\t\t\t\t\t\t<img loading=\"lazy\" width=\"300\" height=\"200\" src=\"https:\/\/armoire.ch\/wp-content\/uploads\/2017\/08\/Auszugknopf-Funktion-1-300x200-1.gif\" \/>\t\t\t\t\t\t<\/a><\/p>\n<p><a href=\"https:\/\/armoire.ch\/?p=3594\"><br \/>\n\t\t\t\t\t\t\t\t\t\t\t\t\t\t\t\t\t\t\t\t\t\t\t\t\t\t\t\t\tBouton porte manteau \t\t\t\t\t\t\t\t\t\t\t\t\t\t\t\t\t\t\t\t\t\t\t\t\t\t\t\t\t<\/a><\/p>\n<p><a href=\"https:\/\/armoire.ch\/?p=3600\"><br \/>\n\t\t\t\t\t\t\t<img loading=\"lazy\" width=\"300\" height=\"200\" src=\"https:\/\/armoire.ch\/wp-content\/uploads\/2017\/08\/DSC_0611-1-300x200.jpg\" \/>\t\t\t\t\t\t<\/a><\/p>\n<p><a href=\"https:\/\/armoire.ch\/?p=3600\"><br \/>\n\t\t\t\t\t\t\t\t\t\t\t\t\t\t\t\t\t\t\t\t\t\t\t\t\t\t\t\t\tOrganisateur de sac \u00e0 main\t\t\t\t\t\t\t\t\t\t\t\t\t\t\t\t\t\t\t\t\t\t\t\t\t\t\t\t\t<\/a><\/p>\n<p><a href=\"https:\/\/armoire.ch\/?p=3007\"><br \/>\n\t\t\t\t\t\t\t<img loading=\"lazy\" width=\"300\" height=\"200\" src=\"https:\/\/armoire.ch\/wp-content\/uploads\/2017\/08\/Hosenhalter-Funktion-300x200.gif\" \/>\t\t\t\t\t\t<\/a><\/p>\n<p><a href=\"https:\/\/armoire.ch\/?p=3007\"><br \/>\n\t\t\t\t\t\t\t\t\t\t\t\t\t\t\t\t\t\t\t\t\t\t\t\t\t\t\t\t\tPorte-pantalons inclus \u00e9tager\t\t\t\t\t\t\t\t\t\t\t\t\t\t\t\t\t\t\t\t\t\t\t\t\t\t\t\t\t<\/a><\/p>\n<p><a href=\"https:\/\/armoire.ch\/?p=3613\"><br \/>\n\t\t\t\t\t\t\t<img loading=\"lazy\" width=\"300\" height=\"210\" src=\"https:\/\/armoire.ch\/wp-content\/uploads\/2017\/09\/DSC_0590-300x300-1-1.jpg\" \/>\t\t\t\t\t\t<\/a><\/p>\n<p><a href=\"https:\/\/armoire.ch\/?p=3613\"><br \/>\n\t\t\t\t\t\t\t\t\t\t\t\t\t\t\t\t\t\t\t\t\t\t\t\t\t\t\t\t\tTiroirs sans fa\u00e7ade en verre 16cm \t\t\t\t\t\t\t\t\t\t\t\t\t\t\t\t\t\t\t\t\t\t\t\t\t\t\t\t\t<\/a><\/p>\n<p><a href=\"https:\/\/armoire.ch\/?p=3622\"><br \/>\n\t\t\t\t\t\t\t<img loading=\"lazy\" width=\"300\" height=\"207\" src=\"https:\/\/armoire.ch\/wp-content\/uploads\/2017\/08\/DSC_0590-Kopie-2-300x207-1.jpg\" \/>\t\t\t\t\t\t<\/a><\/p>\n<p><a href=\"https:\/\/armoire.ch\/?p=3622\"><br \/>\n\t\t\t\t\t\t\t\t\t\t\t\t\t\t\t\t\t\t\t\t\t\t\t\t\t\t\t\t\tTiroirs sans fa\u00e7ade en verre 22cm \t\t\t\t\t\t\t\t\t\t\t\t\t\t\t\t\t\t\t\t\t\t\t\t\t\t\t\t\t<\/a><\/p>\n<p><a href=\"https:\/\/armoire.ch\/?p=3521\"><br \/>\n\t\t\t\t\t\t\t<img loading=\"lazy\" width=\"300\" height=\"200\" src=\"https:\/\/armoire.ch\/wp-content\/uploads\/2017\/08\/DSC_0571-300x200.jpg\" \/>\t\t\t\t\t\t<\/a><\/p>\n<p><a href=\"https:\/\/armoire.ch\/?p=3521\"><br \/>\n\t\t\t\t\t\t\t\t\t\t\t\t\t\t\t\t\t\t\t\t\t\t\t\t\t\t\t\t\tTiroirs avec fa\u00e7ade en verre 16cm\t\t\t\t\t\t\t\t\t\t\t\t\t\t\t\t\t\t\t\t\t\t\t\t\t\t\t\t\t<\/a><\/p>\n<p><a href=\"https:\/\/armoire.ch\/?p=3637\"><br \/>\n\t\t\t\t\t\t\t<img loading=\"lazy\" width=\"300\" height=\"200\" src=\"https:\/\/armoire.ch\/wp-content\/uploads\/2017\/08\/DSC_0570-300x200.jpg\" \/>\t\t\t\t\t\t<\/a><\/p>\n<p><a href=\"https:\/\/armoire.ch\/?p=3637\"><br \/>\n\t\t\t\t\t\t\t\t\t\t\t\t\t\t\t\t\t\t\t\t\t\t\t\t\t\t\t\t\tTiroirs avec fa\u00e7ade en verre 22cm \t\t\t\t\t\t\t\t\t\t\t\t\t\t\t\t\t\t\t\t\t\t\t\t\t\t\t\t\t<\/a><\/p>\n<p><a href=\"https:\/\/armoire.ch\/?p=3644\"><br \/>\n\t\t\t\t\t\t\t<img loading=\"lazy\" width=\"300\" height=\"200\" src=\"https:\/\/armoire.ch\/wp-content\/uploads\/2017\/08\/DSC_0590-Kopie-300x200-1.jpg\" \/>\t\t\t\t\t\t<\/a><\/p>\n<p><a href=\"https:\/\/armoire.ch\/?p=3644\"><br \/>\n\t\t\t\t\t\t\t\t\t\t\t\t\t\t\t\t\t\t\t\t\t\t\t\t\t\t\t\t\tCloison avec \u00e9tageres \t\t\t\t\t\t\t\t\t\t\t\t\t\t\t\t\t\t\t\t\t\t\t\t\t\t\t\t\t<\/a><\/p>\n<p><!-- \/row --><\/p>\n","protected":false},"excerpt":{"rendered":"<p class=\"excerpt\">Int\u00e9rieur \/ Accessoires \u00c9tag\u00e8res r\u00e9glable \u00c9tag\u00e8res viss\u00e9 Tringle Tringle viss\u00e9e lat\u00e9ralement Tringle avec \u00e9clairage Ascenseur de v\u00eatements Panier \u00e0 linge, empilable Panier \u00e0 linge, au-dessus \u00c9tag\u00e8res pour chaussures Caisson amovible en dessous Caisson amovible au-dessus \u00c9tagere tirable \u00c9tag\u00e8res pour chemises Penderie \u00e0 cravattes\/ceintures pliant Penderie \u00e0 cravattes\/ceintures extensible Bouton porte manteau Organisateur de sac \u00e0 [&hellip;]<\/p>\n","protected":false},"author":1,"featured_media":0,"parent":1809,"menu_order":5,"comment_status":"closed","ping_status":"closed","template":"builder.php","meta":[],"_links":{"self":[{"href":"https:\/\/armoire.ch\/index.php?rest_route=\/wp\/v2\/pages\/2502"}],"collection":[{"href":"https:\/\/armoire.ch\/index.php?rest_route=\/wp\/v2\/pages"}],"about":[{"href":"https:\/\/armoire.ch\/index.php?rest_route=\/wp\/v2\/types\/page"}],"author":[{"embeddable":true,"href":"https:\/\/armoire.ch\/index.php?rest_route=\/wp\/v2\/users\/1"}],"replies":[{"embeddable":true,"href":"https:\/\/armoire.ch\/index.php?rest_route=%2Fwp%2Fv2%2Fcomments&post=2502"}],"version-history":[{"count":20,"href":"https:\/\/armoire.ch\/index.php?rest_route=\/wp\/v2\/pages\/2502\/revisions"}],"predecessor-version":[{"id":5687,"href":"https:\/\/armoire.ch\/index.php?rest_route=\/wp\/v2\/pages\/2502\/revisions\/5687"}],"up":[{"embeddable":true,"href":"https:\/\/armoire.ch\/index.php?rest_route=\/wp\/v2\/pages\/1809"}],"wp:attachment":[{"href":"https:\/\/armoire.ch\/index.php?rest_route=%2Fwp%2Fv2%2Fmedia&parent=2502"}],"curies":[{"name":"wp","href":"https:\/\/api.w.org\/{rel}","templated":true}]}}